{"id":1252,"date":"2018-11-27T09:17:08","date_gmt":"2018-11-27T09:17:08","guid":{"rendered":"https:\/\/ric79.team\/?page_id=1252"},"modified":"2026-04-11T15:23:05","modified_gmt":"2026-04-11T15:23:05","slug":"about","status":"publish","type":"page","link":"https:\/\/ric79.team\/?page_id=1252","title":{"rendered":"About"},"content":{"rendered":"\t\t<div data-elementor-type=\"wp-post\" data-elementor-id=\"1252\" class=\"elementor elementor-1252\">\n\t\t\t\t<div class=\"elementor-element elementor-element-5f02ddf e-flex e-con-boxed e-con e-parent\" data-id=\"5f02ddf\" data-element_type=\"container\" data-e-type=\"container\" data-settings=\"{&quot;background_background&quot;:&quot;classic&quot;}\">\n\t\t\t\t\t<div class=\"e-con-inner\">\n\t\t<div class=\"elementor-element elementor-element-0502d81 e-con-full e-flex e-con e-child\" data-id=\"0502d81\" data-element_type=\"container\" data-e-type=\"container\">\n\t\t\t\t<div class=\"elementor-element elementor-element-03d202b elementor-widget elementor-widget-heading\" data-id=\"03d202b\" data-element_type=\"widget\" data-e-type=\"widget\" data-widget_type=\"heading.default\">\n\t\t\t\t\t<h1 class=\"elementor-heading-title elementor-size-default\">Who We Are?<\/h1>\t\t\t\t<\/div>\n\t\t\t\t<\/div>\n\t\t\t\t\t<\/div>\n\t\t\t\t<\/div>\n\t\t<div class=\"elementor-element elementor-element-ce23579 e-flex e-con-boxed e-con e-parent\" data-id=\"ce23579\" data-element_type=\"container\" data-e-type=\"container\">\n\t\t\t\t\t<div class=\"e-con-inner\">\n\t\t<div class=\"elementor-element elementor-element-89a7aec e-con-full e-flex e-con e-child\" data-id=\"89a7aec\" data-element_type=\"container\" data-e-type=\"container\">\n\t\t\t\t<div class=\"elementor-element elementor-element-a01f0dc elementor-widget elementor-widget-heading\" data-id=\"a01f0dc\" data-element_type=\"widget\" data-e-type=\"widget\" data-widget_type=\"heading.default\">\n\t\t\t\t\t<h2 class=\"elementor-heading-title elementor-size-default\">Our MissioN<\/h2>\t\t\t\t<\/div>\n\t\t\t\t<div class=\"elementor-element elementor-element-c43b3dd elementor-widget-divider--view-line elementor-widget elementor-widget-divider\" data-id=\"c43b3dd\" data-element_type=\"widget\" data-e-type=\"widget\" data-widget_type=\"divider.default\">\n\t\t\t\t\t\t\t<div class=\"elementor-divider\">\n\t\t\t<span class=\"elementor-divider-separator\">\n\t\t\t\t\t\t<\/span>\n\t\t<\/div>\n\t\t\t\t\t\t<\/div>\n\t\t\t\t<div class=\"elementor-element elementor-element-e871351 elementor-widget elementor-widget-text-editor\" data-id=\"e871351\" data-element_type=\"widget\" data-e-type=\"widget\" data-widget_type=\"text-editor.default\">\n\t\t\t\t\t\t\t\t\tClick edit button to change this text. Lorem ipsum dolor sit amet, adipiscing elit.\t\t\t\t\t\t\t\t<\/div>\n\t\t\t\t<div class=\"elementor-element elementor-element-0244f25 elementor-widget elementor-widget-text-editor\" data-id=\"0244f25\" data-element_type=\"widget\" data-e-type=\"widget\" data-widget_type=\"text-editor.default\">\n\t\t\t\t\t\t\t\t\t<p>Click edit button to change this text. Lorem ipsum dolor sit amet, consectetur adipiscing elit. Ut elit tellus, luctus nec ullamcorper mattis, pulvinar dapibus leo.<\/p>\t\t\t\t\t\t\t\t<\/div>\n\t\t\t\t<\/div>\n\t\t<div class=\"elementor-element elementor-element-e8e4600 e-con-full e-flex e-con e-child\" data-id=\"e8e4600\" data-element_type=\"container\" data-e-type=\"container\">\n\t\t\t\t<div class=\"elementor-element elementor-element-6060d91 elementor-widget elementor-widget-image\" data-id=\"6060d91\" data-element_type=\"widget\" data-e-type=\"widget\" data-widget_type=\"image.default\">\n\t\t\t\t\t\t\t\t\t\t\t\t\t\t\t<img fetchpriority=\"high\" decoding=\"async\" width=\"800\" height=\"534\" src=\"https:\/\/ric79.team\/wp-content\/uploads\/2021\/02\/outdoor-image-02.jpg\" class=\"attachment-full size-full wp-image-527\" alt=\"\" srcset=\"https:\/\/ric79.team\/wp-content\/uploads\/2021\/02\/outdoor-image-02.jpg 800w, https:\/\/ric79.team\/wp-content\/uploads\/2021\/02\/outdoor-image-02-300x200.jpg 300w, https:\/\/ric79.team\/wp-content\/uploads\/2021\/02\/outdoor-image-02-768x513.jpg 768w, https:\/\/ric79.team\/wp-content\/uploads\/2021\/02\/outdoor-image-02-18x12.jpg 18w, https:\/\/ric79.team\/wp-content\/uploads\/2021\/02\/outdoor-image-02-600x401.jpg 600w\" sizes=\"(max-width: 800px) 100vw, 800px\" \/>\t\t\t\t\t\t\t\t\t\t\t\t\t\t\t<\/div>\n\t\t\t\t<\/div>\n\t\t\t\t\t<\/div>\n\t\t\t\t<\/div>\n\t\t<div class=\"elementor-element elementor-element-8195a0d e-flex e-con-boxed e-con e-parent\" data-id=\"8195a0d\" data-element_type=\"container\" data-e-type=\"container\">\n\t\t\t\t\t<div class=\"e-con-inner\">\n\t\t<div class=\"elementor-element elementor-element-c48d12f e-con-full e-flex e-con e-child\" data-id=\"c48d12f\" data-element_type=\"container\" data-e-type=\"container\">\n\t\t\t\t<div class=\"elementor-element elementor-element-491f841 elementor-widget elementor-widget-heading\" data-id=\"491f841\" data-element_type=\"widget\" data-e-type=\"widget\" data-widget_type=\"heading.default\">\n\t\t\t\t\t<h4 class=\"elementor-heading-title elementor-size-default\">Extraordinary Experiences<\/h4>\t\t\t\t<\/div>\n\t\t\t\t<div class=\"elementor-element elementor-element-7beb61e elementor-widget-divider--view-line elementor-widget elementor-widget-divider\" data-id=\"7beb61e\" data-element_type=\"widget\" data-e-type=\"widget\" data-widget_type=\"divider.default\">\n\t\t\t\t\t\t\t<div class=\"elementor-divider\">\n\t\t\t<span class=\"elementor-divider-separator\">\n\t\t\t\t\t\t<\/span>\n\t\t<\/div>\n\t\t\t\t\t\t<\/div>\n\t\t\t\t<div class=\"elementor-element elementor-element-c5cd51e elementor-widget elementor-widget-text-editor\" data-id=\"c5cd51e\" data-element_type=\"widget\" data-e-type=\"widget\" data-widget_type=\"text-editor.default\">\n\t\t\t\t\t\t\t\t\tClick edit button to change this text. Lorem ipsum dolor sit amet, consectetur adipiscing elit.\t\t\t\t\t\t\t\t<\/div>\n\t\t\t\t<div class=\"elementor-element elementor-element-7a29118 elementor-widget elementor-widget-text-editor\" data-id=\"7a29118\" data-element_type=\"widget\" data-e-type=\"widget\" data-widget_type=\"text-editor.default\">\n\t\t\t\t\t\t\t\t\t<p>Click edit button to change this text. Lorem ipsum dolor sit amet, consectetur adipiscing elit. Ut elit tellus, luctus nec ullamcorper mattis, pulvinar dapibus leo.<\/p>\t\t\t\t\t\t\t\t<\/div>\n\t\t\t\t<\/div>\n\t\t<div class=\"elementor-element elementor-element-d47d4cd e-con-full e-flex e-con e-child\" data-id=\"d47d4cd\" data-element_type=\"container\" data-e-type=\"container\">\n\t\t\t\t<div class=\"elementor-element elementor-element-bf795e2 elementor-widget elementor-widget-heading\" data-id=\"bf795e2\" data-element_type=\"widget\" data-e-type=\"widget\" data-widget_type=\"heading.default\">\n\t\t\t\t\t<h4 class=\"elementor-heading-title elementor-size-default\">Our Core Values<\/h4>\t\t\t\t<\/div>\n\t\t\t\t<div class=\"elementor-element elementor-element-ae16dd8 elementor-widget-divider--view-line elementor-widget elementor-widget-divider\" data-id=\"ae16dd8\" data-element_type=\"widget\" data-e-type=\"widget\" data-widget_type=\"divider.default\">\n\t\t\t\t\t\t\t<div class=\"elementor-divider\">\n\t\t\t<span class=\"elementor-divider-separator\">\n\t\t\t\t\t\t<\/span>\n\t\t<\/div>\n\t\t\t\t\t\t<\/div>\n\t\t\t\t<div class=\"elementor-element elementor-element-8c4a333 elementor-widget elementor-widget-text-editor\" data-id=\"8c4a333\" data-element_type=\"widget\" data-e-type=\"widget\" data-widget_type=\"text-editor.default\">\n\t\t\t\t\t\t\t\t\tLorem ipsum dolor sit amet, consectetur adipiscing elit. Ut elit tellus, luctus nec ullamcorper mattis, pulvinar dapibus leo.\t\t\t\t\t\t\t\t<\/div>\n\t\t\t\t<div class=\"elementor-element elementor-element-0179544 elementor-icon-list--layout-traditional elementor-list-item-link-full_width elementor-widget elementor-widget-icon-list\" data-id=\"0179544\" data-element_type=\"widget\" data-e-type=\"widget\" data-widget_type=\"icon-list.default\">\n\t\t\t\t\t\t\t<ul class=\"elementor-icon-list-items\">\n\t\t\t\t\t\t\t<li class=\"elementor-icon-list-item\">\n\t\t\t\t\t\t\t\t\t\t\t<span class=\"elementor-icon-list-icon\">\n\t\t\t\t\t\t\t<svg aria-hidden=\"true\" class=\"e-font-icon-svg e-fas-minus\" viewBox=\"0 0 448 512\" xmlns=\"http:\/\/www.w3.org\/2000\/svg\"><path d=\"M416 208H32c-17.67 0-32 14.33-32 32v32c0 17.67 14.33 32 32 32h384c17.67 0 32-14.33 32-32v-32c0-17.67-14.33-32-32-32z\"><\/path><\/svg>\t\t\t\t\t\t<\/span>\n\t\t\t\t\t\t\t\t\t\t<span class=\"elementor-icon-list-text\">Locavit liberioris possedit<\/span>\n\t\t\t\t\t\t\t\t\t<\/li>\n\t\t\t\t\t\t\t\t<li class=\"elementor-icon-list-item\">\n\t\t\t\t\t\t\t\t\t\t\t<span class=\"elementor-icon-list-icon\">\n\t\t\t\t\t\t\t<svg aria-hidden=\"true\" class=\"e-font-icon-svg e-fas-minus\" viewBox=\"0 0 448 512\" xmlns=\"http:\/\/www.w3.org\/2000\/svg\"><path d=\"M416 208H32c-17.67 0-32 14.33-32 32v32c0 17.67 14.33 32 32 32h384c17.67 0 32-14.33 32-32v-32c0-17.67-14.33-32-32-32z\"><\/path><\/svg>\t\t\t\t\t\t<\/span>\n\t\t\t\t\t\t\t\t\t\t<span class=\"elementor-icon-list-text\">Diremit mundi mare undae<\/span>\n\t\t\t\t\t\t\t\t\t<\/li>\n\t\t\t\t\t\t\t\t<li class=\"elementor-icon-list-item\">\n\t\t\t\t\t\t\t\t\t\t\t<span class=\"elementor-icon-list-icon\">\n\t\t\t\t\t\t\t<svg aria-hidden=\"true\" class=\"e-font-icon-svg e-fas-minus\" viewBox=\"0 0 448 512\" xmlns=\"http:\/\/www.w3.org\/2000\/svg\"><path d=\"M416 208H32c-17.67 0-32 14.33-32 32v32c0 17.67 14.33 32 32 32h384c17.67 0 32-14.33 32-32v-32c0-17.67-14.33-32-32-32z\"><\/path><\/svg>\t\t\t\t\t\t<\/span>\n\t\t\t\t\t\t\t\t\t\t<span class=\"elementor-icon-list-text\">Spectent tonitrua mutastis<\/span>\n\t\t\t\t\t\t\t\t\t<\/li>\n\t\t\t\t\t\t<\/ul>\n\t\t\t\t\t\t<\/div>\n\t\t\t\t<\/div>\n\t\t\t\t\t<\/div>\n\t\t\t\t<\/div>\n\t\t\t\t<\/div>\n\t\t","protected":false},"excerpt":{"rendered":"","protected":false},"author":1,"featured_media":0,"parent":0,"menu_order":0,"comment_status":"closed","ping_status":"closed","template":"","meta":{"site-sidebar-layout":"no-sidebar","site-content-layout":"page-builder","ast-global-header-display":"","ast-main-header-display":"","ast-hfb-above-header-display":"","ast-hfb-below-header-display":"","ast-hfb-mobile-header-display":"","site-post-title":"disabled","ast-breadcrumbs-content":"","ast-featured-img":"disabled","footer-sml-layout":"","theme-transparent-header-meta":"enabled","adv-header-id-meta":"","stick-header-meta":"","header-above-stick-meta":"","header-main-stick-meta":"","header-below-stick-meta":"","footnotes":""},"class_list":["post-1252","page","type-page","status-publish","hentry"],"yoast_head":"<!-- This site is optimized with the Yoast SEO plugin v27.3 - https:\/\/yoast.com\/product\/yoast-seo-wordpress\/ -->\n<title>About - Sunwin Ric79 \u2b50\ufe0f Link T\u1ea3i Ric79 ch\u00ednh ch\u1ee7 kh\u00f4ng b\u1ecb ch\u1eb7n T4\/2026<\/title>\n<meta name=\"robots\" content=\"index, follow, max-snippet:-1, max-image-preview:large, max-video-preview:-1\" \/>\n<link rel=\"canonical\" href=\"https:\/\/ric79.team\/?page_id=1252\" \/>\n<meta property=\"og:locale\" content=\"en_US\" \/>\n<meta property=\"og:type\" content=\"article\" \/>\n<meta property=\"og:title\" content=\"About - Sunwin Ric79 \u2b50\ufe0f Link T\u1ea3i Ric79 ch\u00ednh ch\u1ee7 kh\u00f4ng b\u1ecb ch\u1eb7n T4\/2026\" \/>\n<meta property=\"og:url\" content=\"https:\/\/ric79.team\/?page_id=1252\" \/>\n<meta property=\"og:site_name\" content=\"Sunwin Ric79 \u2b50\ufe0f Link T\u1ea3i Ric79 ch\u00ednh ch\u1ee7 kh\u00f4ng b\u1ecb ch\u1eb7n T4\/2026\" \/>\n<meta property=\"article:modified_time\" content=\"2026-04-11T15:23:05+00:00\" \/>\n<meta name=\"twitter:card\" content=\"summary_large_image\" \/>\n<meta name=\"twitter:label1\" content=\"Est. reading time\" \/>\n\t<meta name=\"twitter:data1\" content=\"1 minute\" \/>\n<script type=\"application\/ld+json\" class=\"yoast-schema-graph\">{\"@context\":\"https:\\\/\\\/schema.org\",\"@graph\":[{\"@type\":\"WebPage\",\"@id\":\"https:\\\/\\\/ric79.team\\\/?page_id=1252\",\"url\":\"https:\\\/\\\/ric79.team\\\/?page_id=1252\",\"name\":\"About - Sunwin Ric79 \u2b50\ufe0f Link T\u1ea3i Ric79 ch\u00ednh ch\u1ee7 kh\u00f4ng b\u1ecb ch\u1eb7n T4\\\/2026\",\"isPartOf\":{\"@id\":\"https:\\\/\\\/ric79.team\\\/#website\"},\"datePublished\":\"2018-11-27T09:17:08+00:00\",\"dateModified\":\"2026-04-11T15:23:05+00:00\",\"breadcrumb\":{\"@id\":\"https:\\\/\\\/ric79.team\\\/?page_id=1252#breadcrumb\"},\"inLanguage\":\"en-US\",\"potentialAction\":[{\"@type\":\"ReadAction\",\"target\":[\"https:\\\/\\\/ric79.team\\\/?page_id=1252\"]}]},{\"@type\":\"BreadcrumbList\",\"@id\":\"https:\\\/\\\/ric79.team\\\/?page_id=1252#breadcrumb\",\"itemListElement\":[{\"@type\":\"ListItem\",\"position\":1,\"name\":\"Home\",\"item\":\"https:\\\/\\\/ric79.team\\\/\"},{\"@type\":\"ListItem\",\"position\":2,\"name\":\"About\"}]},{\"@type\":\"WebSite\",\"@id\":\"https:\\\/\\\/ric79.team\\\/#website\",\"url\":\"https:\\\/\\\/ric79.team\\\/\",\"name\":\"Sunwin Ric79 \u2b50\ufe0f Link T\u1ea3i Ric79 ch\u00ednh ch\u1ee7 kh\u00f4ng b\u1ecb ch\u1eb7n T4\\\/2026\",\"description\":\"Ric79 c\u1ed5ng game b\u00e0i \u0111\u1ed5i th\u01b0\u1edfng s\u00f4 1 Brazil \u0111\u00e3 c\u00f3 m\u1eb7t t\u1ea1i Vi\u1ec7t Nam , b\u1ea3n t\u1ea3i IOS , Android , APK ...\",\"publisher\":{\"@id\":\"https:\\\/\\\/ric79.team\\\/#organization\"},\"potentialAction\":[{\"@type\":\"SearchAction\",\"target\":{\"@type\":\"EntryPoint\",\"urlTemplate\":\"https:\\\/\\\/ric79.team\\\/?s={search_term_string}\"},\"query-input\":{\"@type\":\"PropertyValueSpecification\",\"valueRequired\":true,\"valueName\":\"search_term_string\"}}],\"inLanguage\":\"en-US\"},{\"@type\":\"Organization\",\"@id\":\"https:\\\/\\\/ric79.team\\\/#organization\",\"name\":\"Sunwin Ric79 \u2b50\ufe0f Link T\u1ea3i Ric79 ch\u00ednh ch\u1ee7 kh\u00f4ng b\u1ecb ch\u1eb7n T4\\\/2026\",\"url\":\"https:\\\/\\\/ric79.team\\\/\",\"logo\":{\"@type\":\"ImageObject\",\"inLanguage\":\"en-US\",\"@id\":\"https:\\\/\\\/ric79.team\\\/#\\\/schema\\\/logo\\\/image\\\/\",\"url\":\"https:\\\/\\\/ric79.team\\\/wp-content\\\/uploads\\\/2026\\\/04\\\/ric79.png\",\"contentUrl\":\"https:\\\/\\\/ric79.team\\\/wp-content\\\/uploads\\\/2026\\\/04\\\/ric79.png\",\"width\":752,\"height\":380,\"caption\":\"Sunwin Ric79 \u2b50\ufe0f Link T\u1ea3i Ric79 ch\u00ednh ch\u1ee7 kh\u00f4ng b\u1ecb ch\u1eb7n T4\\\/2026\"},\"image\":{\"@id\":\"https:\\\/\\\/ric79.team\\\/#\\\/schema\\\/logo\\\/image\\\/\"}}]}<\/script>\n<!-- \/ Yoast SEO plugin. -->","yoast_head_json":{"title":"About - Sunwin Ric79 \u2b50\ufe0f Link T\u1ea3i Ric79 ch\u00ednh ch\u1ee7 kh\u00f4ng b\u1ecb ch\u1eb7n T4\/2026","robots":{"index":"index","follow":"follow","max-snippet":"max-snippet:-1","max-image-preview":"max-image-preview:large","max-video-preview":"max-video-preview:-1"},"canonical":"https:\/\/ric79.team\/?page_id=1252","og_locale":"en_US","og_type":"article","og_title":"About - Sunwin Ric79 \u2b50\ufe0f Link T\u1ea3i Ric79 ch\u00ednh ch\u1ee7 kh\u00f4ng b\u1ecb ch\u1eb7n T4\/2026","og_url":"https:\/\/ric79.team\/?page_id=1252","og_site_name":"Sunwin Ric79 \u2b50\ufe0f Link T\u1ea3i Ric79 ch\u00ednh ch\u1ee7 kh\u00f4ng b\u1ecb ch\u1eb7n T4\/2026","article_modified_time":"2026-04-11T15:23:05+00:00","twitter_card":"summary_large_image","twitter_misc":{"Est. reading time":"1 minute"},"schema":{"@context":"https:\/\/schema.org","@graph":[{"@type":"WebPage","@id":"https:\/\/ric79.team\/?page_id=1252","url":"https:\/\/ric79.team\/?page_id=1252","name":"About - Sunwin Ric79 \u2b50\ufe0f Link T\u1ea3i Ric79 ch\u00ednh ch\u1ee7 kh\u00f4ng b\u1ecb ch\u1eb7n T4\/2026","isPartOf":{"@id":"https:\/\/ric79.team\/#website"},"datePublished":"2018-11-27T09:17:08+00:00","dateModified":"2026-04-11T15:23:05+00:00","breadcrumb":{"@id":"https:\/\/ric79.team\/?page_id=1252#breadcrumb"},"inLanguage":"en-US","potentialAction":[{"@type":"ReadAction","target":["https:\/\/ric79.team\/?page_id=1252"]}]},{"@type":"BreadcrumbList","@id":"https:\/\/ric79.team\/?page_id=1252#breadcrumb","itemListElement":[{"@type":"ListItem","position":1,"name":"Home","item":"https:\/\/ric79.team\/"},{"@type":"ListItem","position":2,"name":"About"}]},{"@type":"WebSite","@id":"https:\/\/ric79.team\/#website","url":"https:\/\/ric79.team\/","name":"Sunwin Ric79 \u2b50\ufe0f Link T\u1ea3i Ric79 ch\u00ednh ch\u1ee7 kh\u00f4ng b\u1ecb ch\u1eb7n T4\/2026","description":"Ric79 c\u1ed5ng game b\u00e0i \u0111\u1ed5i th\u01b0\u1edfng s\u00f4 1 Brazil \u0111\u00e3 c\u00f3 m\u1eb7t t\u1ea1i Vi\u1ec7t Nam , b\u1ea3n t\u1ea3i IOS , Android , APK ...","publisher":{"@id":"https:\/\/ric79.team\/#organization"},"potentialAction":[{"@type":"SearchAction","target":{"@type":"EntryPoint","urlTemplate":"https:\/\/ric79.team\/?s={search_term_string}"},"query-input":{"@type":"PropertyValueSpecification","valueRequired":true,"valueName":"search_term_string"}}],"inLanguage":"en-US"},{"@type":"Organization","@id":"https:\/\/ric79.team\/#organization","name":"Sunwin Ric79 \u2b50\ufe0f Link T\u1ea3i Ric79 ch\u00ednh ch\u1ee7 kh\u00f4ng b\u1ecb ch\u1eb7n T4\/2026","url":"https:\/\/ric79.team\/","logo":{"@type":"ImageObject","inLanguage":"en-US","@id":"https:\/\/ric79.team\/#\/schema\/logo\/image\/","url":"https:\/\/ric79.team\/wp-content\/uploads\/2026\/04\/ric79.png","contentUrl":"https:\/\/ric79.team\/wp-content\/uploads\/2026\/04\/ric79.png","width":752,"height":380,"caption":"Sunwin Ric79 \u2b50\ufe0f Link T\u1ea3i Ric79 ch\u00ednh ch\u1ee7 kh\u00f4ng b\u1ecb ch\u1eb7n T4\/2026"},"image":{"@id":"https:\/\/ric79.team\/#\/schema\/logo\/image\/"}}]}},"brizy_media":[],"_links":{"self":[{"href":"https:\/\/ric79.team\/index.php?rest_route=\/wp\/v2\/pages\/1252","targetHints":{"allow":["GET"]}}],"collection":[{"href":"https:\/\/ric79.team\/index.php?rest_route=\/wp\/v2\/pages"}],"about":[{"href":"https:\/\/ric79.team\/index.php?rest_route=\/wp\/v2\/types\/page"}],"author":[{"embeddable":true,"href":"https:\/\/ric79.team\/index.php?rest_route=\/wp\/v2\/users\/1"}],"replies":[{"embeddable":true,"href":"https:\/\/ric79.team\/index.php?rest_route=%2Fwp%2Fv2%2Fcomments&post=1252"}],"version-history":[{"count":1,"href":"https:\/\/ric79.team\/index.php?rest_route=\/wp\/v2\/pages\/1252\/revisions"}],"predecessor-version":[{"id":1551,"href":"https:\/\/ric79.team\/index.php?rest_route=\/wp\/v2\/pages\/1252\/revisions\/1551"}],"wp:attachment":[{"href":"https:\/\/ric79.team\/index.php?rest_route=%2Fwp%2Fv2%2Fmedia&parent=1252"}],"curies":[{"name":"wp","href":"https:\/\/api.w.org\/{rel}","templated":true}]}}